{"id":1395,"date":"2019-11-07T17:38:30","date_gmt":"2019-11-07T16:38:30","guid":{"rendered":"https:\/\/insoftresearch.com\/nous-contacter\/"},"modified":"2024-01-31T19:55:20","modified_gmt":"2024-01-31T18:55:20","slug":"nous-contacter","status":"publish","type":"page","link":"https:\/\/insoftresearch.com\/fr\/nous-contacter\/","title":{"rendered":"Nous contacter"},"content":{"rendered":"\t\t<div data-elementor-type=\"wp-page\" data-elementor-id=\"1395\" class=\"elementor elementor-1395 elementor-1031\" data-elementor-post-type=\"page\">\n\t\t\t\t\t\t<section class=\"elementor-section elementor-top-section elementor-element elementor-element-81b538b elementor-section-boxed elementor-section-height-default elementor-section-height-default\" data-id=\"81b538b\" data-element_type=\"section\" data-e-type=\"section\">\n\t\t\t\t\t\t<div class=\"elementor-container elementor-column-gap-default\">\n\t\t\t\t\t<div class=\"elementor-column elementor-col-100 elementor-top-column elementor-element elementor-element-5ad96a6\" data-id=\"5ad96a6\" data-element_type=\"column\" data-e-type=\"column\">\n\t\t\t<div class=\"elementor-widget-wrap elementor-element-populated\">\n\t\t\t\t\t\t<div class=\"elementor-element elementor-element-9011c1e elementor-widget elementor-widget-heading\" data-id=\"9011c1e\" data-element_type=\"widget\" data-e-type=\"widget\" data-widget_type=\"heading.default\">\n\t\t\t\t<div class=\"elementor-widget-container\">\n\t\t\t\t\t<h2 class=\"elementor-heading-title elementor-size-small\">Formulaire de contact<\/h2>\t\t\t\t<\/div>\n\t\t\t\t<\/div>\n\t\t\t\t<div class=\"elementor-element elementor-element-e2c99ed elementor-widget elementor-widget-heading\" data-id=\"e2c99ed\" data-element_type=\"widget\" data-e-type=\"widget\" data-widget_type=\"heading.default\">\n\t\t\t\t<div class=\"elementor-widget-container\">\n\t\t\t\t\t<h1 class=\"elementor-heading-title elementor-size-default\">Nous contacter<\/h1>\t\t\t\t<\/div>\n\t\t\t\t<\/div>\n\t\t\t\t<div class=\"elementor-element elementor-element-2b1270b elementor-widget elementor-widget-text-editor\" data-id=\"2b1270b\" data-element_type=\"widget\" data-e-type=\"widget\" data-widget_type=\"text-editor.default\">\n\t\t\t\t<div class=\"elementor-widget-container\">\n\t\t\t\t\t\t\t\t\t<p>Notre \u00e9quipe d&#8217;expert est toujours heureuse de r\u00e9pondre \u00e0 vos questions et de vous fournir plus d&#8217;informations \u00e0 propos des solutions innovantes d&#8217;Insoft Research. N&#8217;h\u00e9sitez pas \u00e0 nous contacter pour poser vos questions ou laisser vos commentaires. Un membre de notre \u00e9quipe vous r\u00e9pondra d\u00e8s que possible.<\/p>\n\t\t\t\t\t\t\t\t<\/div>\n\t\t\t\t<\/div>\n\t\t\t\t<div class=\"elementor-element elementor-element-3c2badc elementor-widget elementor-widget-wp-widget-wpforms-widget\" data-id=\"3c2badc\" data-element_type=\"widget\" data-e-type=\"widget\" data-widget_type=\"wp-widget-wpforms-widget.default\">\n\t\t\t\t<div class=\"elementor-widget-container\">\n\t\t\t\t\t<div class=\"wpforms-container wpforms-container-full\" id=\"wpforms-77\"><form id=\"wpforms-form-77\" class=\"wpforms-validate wpforms-form\" data-formid=\"77\" method=\"post\" enctype=\"multipart\/form-data\" action=\"\/fr\/wp-json\/wp\/v2\/pages\/1395\" data-token=\"59e6b87bd30131a415afa0a56d5f11b2\" data-token-time=\"1776963694\"><noscript class=\"wpforms-error-noscript\">Veuillez activer JavaScript dans votre navigateur pour remplir ce formulaire.<\/noscript><div class=\"wpforms-field-container\"><div id=\"wpforms-77-field_0-container\" class=\"wpforms-field wpforms-field-name\" data-field-id=\"0\"><label class=\"wpforms-field-label\">Nom <span class=\"wpforms-required-label\">*<\/span><\/label><div class=\"wpforms-field-row wpforms-field-large\"><div class=\"wpforms-field-row-block wpforms-first wpforms-one-half\"><input type=\"text\" id=\"wpforms-77-field_0\" class=\"wpforms-field-name-first wpforms-field-required\" name=\"wpforms[fields][0][first]\" required><label for=\"wpforms-77-field_0\" class=\"wpforms-field-sublabel after\">Pr\u00e9nom<\/label><\/div><div class=\"wpforms-field-row-block wpforms-one-half\"><input type=\"text\" id=\"wpforms-77-field_0-last\" class=\"wpforms-field-name-last wpforms-field-required\" name=\"wpforms[fields][0][last]\" required><label for=\"wpforms-77-field_0-last\" class=\"wpforms-field-sublabel after\">Nom<\/label><\/div><\/div><\/div><div id=\"wpforms-77-field_1-container\" class=\"wpforms-field wpforms-field-email\" data-field-id=\"1\"><label class=\"wpforms-field-label\" for=\"wpforms-77-field_1\">Courriel <span class=\"wpforms-required-label\">*<\/span><\/label><input type=\"email\" id=\"wpforms-77-field_1\" class=\"wpforms-field-large wpforms-field-required\" name=\"wpforms[fields][1]\" spellcheck=\"false\" required><\/div><div id=\"wpforms-77-field_2-container\" class=\"wpforms-field wpforms-field-textarea\" data-field-id=\"2\"><label class=\"wpforms-field-label\" for=\"wpforms-77-field_2\">Commentaire ou Message <span class=\"wpforms-required-label\">*<\/span><\/label><textarea id=\"wpforms-77-field_2\" class=\"wpforms-field-medium wpforms-field-required\" name=\"wpforms[fields][2]\" required><\/textarea><\/div><\/div><!-- .wpforms-field-container --><div class=\"wpforms-field wpforms-field-hp\"><label for=\"wpforms-77-field-hp\" class=\"wpforms-field-label\">Website<\/label><input type=\"text\" name=\"wpforms[hp]\" id=\"wpforms-77-field-hp\" class=\"wpforms-field-medium\"><\/div><div class=\"wpforms-recaptcha-container wpforms-is-recaptcha wpforms-is-recaptcha-type-v3\" ><input type=\"hidden\" name=\"wpforms[recaptcha]\" value=\"\"><\/div><div class=\"wpforms-submit-container\" ><input type=\"hidden\" name=\"wpforms[id]\" value=\"77\"><input type=\"hidden\" name=\"page_title\" value=\"\"><input type=\"hidden\" name=\"page_url\" value=\"https:\/\/insoftresearch.com\/fr\/wp-json\/wp\/v2\/pages\/1395\"><input type=\"hidden\" name=\"url_referer\" value=\"\"><button type=\"submit\" name=\"wpforms[submit]\" id=\"wpforms-submit-77\" class=\"wpforms-submit\" data-alt-text=\"Envoi en cours...\" data-submit-text=\"Envoyer\" aria-live=\"assertive\" value=\"wpforms-submit\">Envoyer<\/button><\/div><\/form><\/div>  <!-- .wpforms-container -->\t\t\t\t<\/div>\n\t\t\t\t<\/div>\n\t\t\t\t<div class=\"elementor-element elementor-element-def1cb0 elementor-widget elementor-widget-spacer\" data-id=\"def1cb0\" data-element_type=\"widget\" data-e-type=\"widget\" data-widget_type=\"spacer.default\">\n\t\t\t\t<div class=\"elementor-widget-container\">\n\t\t\t\t\t\t\t<div class=\"elementor-spacer\">\n\t\t\t<div class=\"elementor-spacer-inner\"><\/div>\n\t\t<\/div>\n\t\t\t\t\t\t<\/div>\n\t\t\t\t<\/div>\n\t\t\t\t\t<\/div>\n\t\t<\/div>\n\t\t\t\t\t<\/div>\n\t\t<\/section>\n\t\t\t\t<\/div>\n\t\t","protected":false},"excerpt":{"rendered":"<p>Formulaire de contact Nous contacter Notre \u00e9quipe d&#8217;expert est toujours heureuse de r\u00e9pondre \u00e0 vos questions et de vous fournir plus d&#8217;informations \u00e0 propos des solutions innovantes d&#8217;Insoft Research. N&#8217;h\u00e9sitez pas \u00e0 nous contacter pour poser vos questions ou laisser vos commentaires. Un membre de notre \u00e9quipe vous r\u00e9pondra d\u00e8s que possible.<\/p>\n","protected":false},"author":6,"featured_media":0,"parent":0,"menu_order":0,"comment_status":"closed","ping_status":"closed","template":"","meta":{"_monsterinsights_skip_tracking":false,"_monsterinsights_sitenote_active":false,"_monsterinsights_sitenote_note":"","_monsterinsights_sitenote_category":0,"footnotes":""},"class_list":["post-1395","page","type-page","status-publish","hentry"],"yoast_head":"<!-- This site is optimized with the Yoast SEO plugin v27.4 - https:\/\/yoast.com\/product\/yoast-seo-wordpress\/ -->\n<title>Nous contacter - Vous avez une question pour l&#039;\u00e9quipe d&#039;Insoft Reserch ?<\/title>\n<meta name=\"description\" content=\"Notre \u00e9quipe d&#039;expert est toujours heureuse de r\u00e9pondre \u00e0 vos questions et de vous fournir plus d&#039;informations \u00e0 propos des solutions innovantes d&#039;Insoft Research. N&#039;h\u00e9sitez pas \u00e0 nous contacter.\" \/>\n<meta name=\"robots\" content=\"index, follow, max-snippet:-1, max-image-preview:large, max-video-preview:-1\" \/>\n<link rel=\"canonical\" href=\"https:\/\/insoftresearch.com\/contact-us\/\" \/>\n<meta property=\"og:locale\" content=\"fr_FR\" \/>\n<meta property=\"og:type\" content=\"article\" \/>\n<meta property=\"og:title\" content=\"Nous contacter - Vous avez une question pour l&#039;\u00e9quipe d&#039;Insoft Reserch ?\" \/>\n<meta property=\"og:description\" content=\"Notre \u00e9quipe d&#039;expert est toujours heureuse de r\u00e9pondre \u00e0 vos questions et de vous fournir plus d&#039;informations \u00e0 propos des solutions innovantes d&#039;Insoft Research. N&#039;h\u00e9sitez pas \u00e0 nous contacter.\" \/>\n<meta property=\"og:url\" content=\"https:\/\/insoftresearch.com\/contact-us\/\" \/>\n<meta property=\"og:site_name\" content=\"Insoft Research Inc.\" \/>\n<meta property=\"article:modified_time\" content=\"2024-01-31T18:55:20+00:00\" \/>\n<meta name=\"twitter:card\" content=\"summary_large_image\" \/>\n<meta name=\"twitter:label1\" content=\"Dur\u00e9e de lecture estim\u00e9e\" \/>\n\t<meta name=\"twitter:data1\" content=\"1 minute\" \/>\n<script type=\"application\/ld+json\" class=\"yoast-schema-graph\">{\"@context\":\"https:\\\/\\\/schema.org\",\"@graph\":[{\"@type\":\"WebPage\",\"@id\":\"https:\\\/\\\/insoftresearch.com\\\/contact-us\\\/\",\"url\":\"https:\\\/\\\/insoftresearch.com\\\/contact-us\\\/\",\"name\":\"Nous contacter - Vous avez une question pour l'\u00e9quipe d'Insoft Reserch ?\",\"isPartOf\":{\"@id\":\"https:\\\/\\\/insoftresearch.com\\\/#website\"},\"datePublished\":\"2019-11-07T16:38:30+00:00\",\"dateModified\":\"2024-01-31T18:55:20+00:00\",\"description\":\"Notre \u00e9quipe d'expert est toujours heureuse de r\u00e9pondre \u00e0 vos questions et de vous fournir plus d'informations \u00e0 propos des solutions innovantes d'Insoft Research. N'h\u00e9sitez pas \u00e0 nous contacter.\",\"breadcrumb\":{\"@id\":\"https:\\\/\\\/insoftresearch.com\\\/contact-us\\\/#breadcrumb\"},\"inLanguage\":\"fr-FR\",\"potentialAction\":[{\"@type\":\"ReadAction\",\"target\":[\"https:\\\/\\\/insoftresearch.com\\\/contact-us\\\/\"]}]},{\"@type\":\"BreadcrumbList\",\"@id\":\"https:\\\/\\\/insoftresearch.com\\\/contact-us\\\/#breadcrumb\",\"itemListElement\":[{\"@type\":\"ListItem\",\"position\":1,\"name\":\"Home\",\"item\":\"https:\\\/\\\/insoftresearch.com\\\/fr\\\/\"},{\"@type\":\"ListItem\",\"position\":2,\"name\":\"Nous contacter\"}]},{\"@type\":\"WebSite\",\"@id\":\"https:\\\/\\\/insoftresearch.com\\\/#website\",\"url\":\"https:\\\/\\\/insoftresearch.com\\\/\",\"name\":\"Insoft Research Inc.\",\"description\":\"\",\"publisher\":{\"@id\":\"https:\\\/\\\/insoftresearch.com\\\/#organization\"},\"potentialAction\":[{\"@type\":\"SearchAction\",\"target\":{\"@type\":\"EntryPoint\",\"urlTemplate\":\"https:\\\/\\\/insoftresearch.com\\\/?s={search_term_string}\"},\"query-input\":{\"@type\":\"PropertyValueSpecification\",\"valueRequired\":true,\"valueName\":\"search_term_string\"}}],\"inLanguage\":\"fr-FR\"},{\"@type\":\"Organization\",\"@id\":\"https:\\\/\\\/insoftresearch.com\\\/#organization\",\"name\":\"Insoft Research Inc.\",\"url\":\"https:\\\/\\\/insoftresearch.com\\\/\",\"logo\":{\"@type\":\"ImageObject\",\"inLanguage\":\"fr-FR\",\"@id\":\"https:\\\/\\\/insoftresearch.com\\\/#\\\/schema\\\/logo\\\/image\\\/\",\"url\":\"https:\\\/\\\/insoftresearch.com\\\/wp-content\\\/uploads\\\/2019\\\/10\\\/InSoft_Logo-R1801-White.png\",\"contentUrl\":\"https:\\\/\\\/insoftresearch.com\\\/wp-content\\\/uploads\\\/2019\\\/10\\\/InSoft_Logo-R1801-White.png\",\"width\":1500,\"height\":520,\"caption\":\"Insoft Research Inc.\"},\"image\":{\"@id\":\"https:\\\/\\\/insoftresearch.com\\\/#\\\/schema\\\/logo\\\/image\\\/\"}}]}<\/script>\n<!-- \/ Yoast SEO plugin. -->","yoast_head_json":{"title":"Nous contacter - Vous avez une question pour l'\u00e9quipe d'Insoft Reserch ?","description":"Notre \u00e9quipe d'expert est toujours heureuse de r\u00e9pondre \u00e0 vos questions et de vous fournir plus d'informations \u00e0 propos des solutions innovantes d'Insoft Research. N'h\u00e9sitez pas \u00e0 nous contacter.","robots":{"index":"index","follow":"follow","max-snippet":"max-snippet:-1","max-image-preview":"max-image-preview:large","max-video-preview":"max-video-preview:-1"},"canonical":"https:\/\/insoftresearch.com\/contact-us\/","og_locale":"fr_FR","og_type":"article","og_title":"Nous contacter - Vous avez une question pour l'\u00e9quipe d'Insoft Reserch ?","og_description":"Notre \u00e9quipe d'expert est toujours heureuse de r\u00e9pondre \u00e0 vos questions et de vous fournir plus d'informations \u00e0 propos des solutions innovantes d'Insoft Research. N'h\u00e9sitez pas \u00e0 nous contacter.","og_url":"https:\/\/insoftresearch.com\/contact-us\/","og_site_name":"Insoft Research Inc.","article_modified_time":"2024-01-31T18:55:20+00:00","twitter_card":"summary_large_image","twitter_misc":{"Dur\u00e9e de lecture estim\u00e9e":"1 minute"},"schema":{"@context":"https:\/\/schema.org","@graph":[{"@type":"WebPage","@id":"https:\/\/insoftresearch.com\/contact-us\/","url":"https:\/\/insoftresearch.com\/contact-us\/","name":"Nous contacter - Vous avez une question pour l'\u00e9quipe d'Insoft Reserch ?","isPartOf":{"@id":"https:\/\/insoftresearch.com\/#website"},"datePublished":"2019-11-07T16:38:30+00:00","dateModified":"2024-01-31T18:55:20+00:00","description":"Notre \u00e9quipe d'expert est toujours heureuse de r\u00e9pondre \u00e0 vos questions et de vous fournir plus d'informations \u00e0 propos des solutions innovantes d'Insoft Research. N'h\u00e9sitez pas \u00e0 nous contacter.","breadcrumb":{"@id":"https:\/\/insoftresearch.com\/contact-us\/#breadcrumb"},"inLanguage":"fr-FR","potentialAction":[{"@type":"ReadAction","target":["https:\/\/insoftresearch.com\/contact-us\/"]}]},{"@type":"BreadcrumbList","@id":"https:\/\/insoftresearch.com\/contact-us\/#breadcrumb","itemListElement":[{"@type":"ListItem","position":1,"name":"Home","item":"https:\/\/insoftresearch.com\/fr\/"},{"@type":"ListItem","position":2,"name":"Nous contacter"}]},{"@type":"WebSite","@id":"https:\/\/insoftresearch.com\/#website","url":"https:\/\/insoftresearch.com\/","name":"Insoft Research Inc.","description":"","publisher":{"@id":"https:\/\/insoftresearch.com\/#organization"},"potentialAction":[{"@type":"SearchAction","target":{"@type":"EntryPoint","urlTemplate":"https:\/\/insoftresearch.com\/?s={search_term_string}"},"query-input":{"@type":"PropertyValueSpecification","valueRequired":true,"valueName":"search_term_string"}}],"inLanguage":"fr-FR"},{"@type":"Organization","@id":"https:\/\/insoftresearch.com\/#organization","name":"Insoft Research Inc.","url":"https:\/\/insoftresearch.com\/","logo":{"@type":"ImageObject","inLanguage":"fr-FR","@id":"https:\/\/insoftresearch.com\/#\/schema\/logo\/image\/","url":"https:\/\/insoftresearch.com\/wp-content\/uploads\/2019\/10\/InSoft_Logo-R1801-White.png","contentUrl":"https:\/\/insoftresearch.com\/wp-content\/uploads\/2019\/10\/InSoft_Logo-R1801-White.png","width":1500,"height":520,"caption":"Insoft Research Inc."},"image":{"@id":"https:\/\/insoftresearch.com\/#\/schema\/logo\/image\/"}}]}},"_links":{"self":[{"href":"https:\/\/insoftresearch.com\/fr\/wp-json\/wp\/v2\/pages\/1395","targetHints":{"allow":["GET"]}}],"collection":[{"href":"https:\/\/insoftresearch.com\/fr\/wp-json\/wp\/v2\/pages"}],"about":[{"href":"https:\/\/insoftresearch.com\/fr\/wp-json\/wp\/v2\/types\/page"}],"author":[{"embeddable":true,"href":"https:\/\/insoftresearch.com\/fr\/wp-json\/wp\/v2\/users\/6"}],"replies":[{"embeddable":true,"href":"https:\/\/insoftresearch.com\/fr\/wp-json\/wp\/v2\/comments?post=1395"}],"version-history":[{"count":7,"href":"https:\/\/insoftresearch.com\/fr\/wp-json\/wp\/v2\/pages\/1395\/revisions"}],"predecessor-version":[{"id":1998,"href":"https:\/\/insoftresearch.com\/fr\/wp-json\/wp\/v2\/pages\/1395\/revisions\/1998"}],"wp:attachment":[{"href":"https:\/\/insoftresearch.com\/fr\/wp-json\/wp\/v2\/media?parent=1395"}],"curies":[{"name":"wp","href":"https:\/\/api.w.org\/{rel}","templated":true}]}}