{"id":31,"date":"2017-05-26T21:54:01","date_gmt":"2017-05-26T20:54:01","guid":{"rendered":"http:\/\/insoftresearch.com\/?page_id=31"},"modified":"2019-11-07T20:14:47","modified_gmt":"2019-11-07T19:14:47","slug":"legal-statement","status":"publish","type":"page","link":"https:\/\/insoftresearch.com\/fr\/legal-statement\/","title":{"rendered":"D\u00e9claration L\u00e9gale"},"content":{"rendered":"\t\t<div data-elementor-type=\"wp-post\" data-elementor-id=\"31\" class=\"elementor elementor-31 elementor-bc-flex-widget\" data-elementor-post-type=\"page\">\n\t\t\t\t\t\t<section class=\"elementor-section elementor-top-section elementor-element elementor-element-1sxucvo elementor-section-boxed elementor-section-height-default elementor-section-height-default\" data-id=\"1sxucvo\" data-element_type=\"section\" data-e-type=\"section\">\n\t\t\t\t\t\t<div class=\"elementor-container elementor-column-gap-default\">\n\t\t\t\t\t<div class=\"elementor-column elementor-col-100 elementor-top-column elementor-element elementor-element-owhaq39\" data-id=\"owhaq39\" data-element_type=\"column\" data-e-type=\"column\">\n\t\t\t<div class=\"elementor-widget-wrap elementor-element-populated\">\n\t\t\t\t\t\t<div class=\"elementor-element elementor-element-x9xb5ur elementor-widget elementor-widget-heading\" data-id=\"x9xb5ur\" data-element_type=\"widget\" data-e-type=\"widget\" data-widget_type=\"heading.default\">\n\t\t\t\t<div class=\"elementor-widget-container\">\n\t\t\t\t\t<h2 class=\"elementor-heading-title elementor-size-default\">D\u00e9claration L\u00e9gale<\/h2>\t\t\t\t<\/div>\n\t\t\t\t<\/div>\n\t\t\t\t\t<\/div>\n\t\t<\/div>\n\t\t\t\t\t<\/div>\n\t\t<\/section>\n\t\t\t\t<section class=\"elementor-section elementor-top-section elementor-element elementor-element-bl43dw4 elementor-section-boxed elementor-section-height-default elementor-section-height-default\" data-id=\"bl43dw4\" data-element_type=\"section\" data-e-type=\"section\">\n\t\t\t\t\t\t<div class=\"elementor-container elementor-column-gap-default\">\n\t\t\t\t\t<div class=\"elementor-column elementor-col-100 elementor-top-column elementor-element elementor-element-9e2g5oo\" data-id=\"9e2g5oo\" data-element_type=\"column\" data-e-type=\"column\">\n\t\t\t<div class=\"elementor-widget-wrap elementor-element-populated\">\n\t\t\t\t\t\t<div class=\"elementor-element elementor-element-ys9fwzq elementor-widget elementor-widget-text-editor\" data-id=\"ys9fwzq\" data-element_type=\"widget\" data-e-type=\"widget\" data-widget_type=\"text-editor.default\">\n\t\t\t\t<div class=\"elementor-widget-container\">\n\t\t\t\t\t\t\t\t\t<p>La soci\u00e9t\u00e9 canadienne InSoft Research Inc. est la seule propri\u00e9taire et exploitante de ce site Web (<a href=\"http:\/\/www.insoftresearch.com\">www.insoftresearch.com<\/a>), poss\u00e8de les droits de propri\u00e9t\u00e9 intellectuelle et d\u00e9tient les droits d&#8217;utilisation sur toutes les diff\u00e9rentes parties accessibles sur ce site, y compris les textes, images, vid\u00e9os, ic\u00f4nes, graphiques, logos, sons, brochures et compilation de donn\u00e9es. La compilation de tout le contenu sur le site Web d\u2019InSoft Research Inc. est la propri\u00e9t\u00e9 exclusive d&#8217;InSoft Research Inc. et est prot\u00e9g\u00e9e par les lois canadiennes et internationales sur les marques de commerce.<br \/> <br \/> Vous ne pouvez faire aucune reproduction, modification, repr\u00e9sentation, publication ou adaptation, de tout ou d\u2019une partie de notre contenu, sous quelles formes ou par quels que moyens que ce soit sans le consentement \u00e9crit pr\u00e9alable d&#8217;InSoft Research Inc.<br \/> <br \/> En utilisant le site Web insoftresearch.com et les services offerts par celui-ci, vous acceptez d&#8217;\u00eatre li\u00e9 par ces conditions d&#8217;utilisation et toutes les politiques, conditions et d\u00e9clarations connexes. Si vous n&#8217;acceptez pas l\u2019une de ces conditions d&#8217;utilisation, vous ne pouvez pas utiliser le site insoftresearch.com.<\/p>\t\t\t\t\t\t\t\t<\/div>\n\t\t\t\t<\/div>\n\t\t\t\t\t<\/div>\n\t\t<\/div>\n\t\t\t\t\t<\/div>\n\t\t<\/section>\n\t\t\t\t<section class=\"elementor-section elementor-top-section elementor-element elementor-element-x1eiq55 elementor-section-boxed elementor-section-height-default elementor-section-height-default\" data-id=\"x1eiq55\" data-element_type=\"section\" data-e-type=\"section\">\n\t\t\t\t\t\t<div class=\"elementor-container elementor-column-gap-default\">\n\t\t\t\t\t<div class=\"elementor-column elementor-col-100 elementor-top-column elementor-element elementor-element-x1k4zco\" data-id=\"x1k4zco\" data-element_type=\"column\" data-e-type=\"column\">\n\t\t\t<div class=\"elementor-widget-wrap elementor-element-populated\">\n\t\t\t\t\t\t<div class=\"elementor-element elementor-element-g1pm89q elementor-widget elementor-widget-heading\" data-id=\"g1pm89q\" data-element_type=\"widget\" data-e-type=\"widget\" data-widget_type=\"heading.default\">\n\t\t\t\t<div class=\"elementor-widget-container\">\n\t\t\t\t\t<h3 class=\"elementor-heading-title elementor-size-default\">Marque de commerce<\/h3>\t\t\t\t<\/div>\n\t\t\t\t<\/div>\n\t\t\t\t<div class=\"elementor-element elementor-element-ui1nm1j elementor-widget elementor-widget-text-editor\" data-id=\"ui1nm1j\" data-element_type=\"widget\" data-e-type=\"widget\" data-widget_type=\"text-editor.default\">\n\t\t\t\t<div class=\"elementor-widget-container\">\n\t\t\t\t\t\t\t\t\t<p>Insoftresearch.com, InSoft Research Inc., InSoft et les autres marques indiqu\u00e9es sur notre site Web sont des marques commerciales d&#8217;InSoft Research Inc. au Canada et dans tout autre pays. Les graphiques, les logos, les en-t\u00eates de page, les ic\u00f4nes de boutons, les scripts et les noms de service d\u2019InSoft sont des marques de commerce d&#8217;InSoft Research Inc. Les marques commerciales d&#8217;InSoft Research Inc. ne peuvent pas \u00eatre utilis\u00e9es avec \u00a0tout autre produit ou service qui n&#8217;est pas le n\u00f4tre, de toute mani\u00e8re susceptible de causer de la confusion chez les clients, ou de toute mani\u00e8re qui d\u00e9nigre ou discr\u00e9dite InSoft Research Inc. Toutes les autres marques commerciales qui ne sont pas la propri\u00e9t\u00e9 d&#8217;InSoft Research Inc. ou de ses soci\u00e9t\u00e9s affili\u00e9es qui apparaissent sur notre site Web sont la propri\u00e9t\u00e9 de leurs propri\u00e9taires respectifs, qui peuvent ou non \u00eatre affili\u00e9es, reli\u00e9es ou parrain\u00e9es par InSoft Research Inc.<\/p>\t\t\t\t\t\t\t\t<\/div>\n\t\t\t\t<\/div>\n\t\t\t\t\t<\/div>\n\t\t<\/div>\n\t\t\t\t\t<\/div>\n\t\t<\/section>\n\t\t\t\t<section class=\"elementor-section elementor-top-section elementor-element elementor-element-6dglqea elementor-section-boxed elementor-section-height-default elementor-section-height-default\" data-id=\"6dglqea\" data-element_type=\"section\" data-e-type=\"section\">\n\t\t\t\t\t\t<div class=\"elementor-container elementor-column-gap-default\">\n\t\t\t\t\t<div class=\"elementor-column elementor-col-100 elementor-top-column elementor-element elementor-element-80ir0o8\" data-id=\"80ir0o8\" data-element_type=\"column\" data-e-type=\"column\">\n\t\t\t<div class=\"elementor-widget-wrap elementor-element-populated\">\n\t\t\t\t\t\t<div class=\"elementor-element elementor-element-czn7zsg elementor-widget elementor-widget-heading\" data-id=\"czn7zsg\" data-element_type=\"widget\" data-e-type=\"widget\" data-widget_type=\"heading.default\">\n\t\t\t\t<div class=\"elementor-widget-container\">\n\t\t\t\t\t<h3 class=\"elementor-heading-title elementor-size-default\">Avertissement<\/h3>\t\t\t\t<\/div>\n\t\t\t\t<\/div>\n\t\t\t\t<div class=\"elementor-element elementor-element-606h6up elementor-widget elementor-widget-text-editor\" data-id=\"606h6up\" data-element_type=\"widget\" data-e-type=\"widget\" data-widget_type=\"text-editor.default\">\n\t\t\t\t<div class=\"elementor-widget-container\">\n\t\t\t\t\t\t\t\t\t<p>Vous reconnaissez que vous utilisez ce site Web, y compris ses mat\u00e9riaux \u00e0 vos propres risques. InSoft Research Inc. et ses partenaires, affili\u00e9s et fournisseurs ne garantissent pas que les op\u00e9rations de ce site Web peuvent \u00eatre sans erreur ou ininterrompues. Les produits, les services et les informations sur ce site sont fournis &#8220;tel quel&#8221; sans aucune garantie de quelque nature que ce soit, y compris les garanties de qualit\u00e9 marchande, l&#8217;adaptation \u00e0 des fins particuli\u00e8res ou la non-violation de la propri\u00e9t\u00e9 intellectuelle. InSoft Research Inc. et ses fournisseurs ne garantissent pas l&#8217;exactitude et l&#8217;exhaustivit\u00e9 des mat\u00e9riaux disponibles sur ce site. Les documents sur ce site peuvent \u00eatre obsol\u00e8tes et InSoft Research Inc. ne s&#8217;engage pas \u00e0 mettre \u00e0 jour ces documents. Les informations publi\u00e9es sur ce site Web peuvent se r\u00e9f\u00e9rer \u00e0 des produits, programmes ou services qui ne sont pas offerts dans votre juridiction. La Loi applicable peut ne pas permettre l&#8217;exclusion des garanties implicites, de sorte que les exclusions ci-dessus peuvent ne pas s&#8217;appliquer \u00e0 vous.<\/p>\t\t\t\t\t\t\t\t<\/div>\n\t\t\t\t<\/div>\n\t\t\t\t\t<\/div>\n\t\t<\/div>\n\t\t\t\t\t<\/div>\n\t\t<\/section>\n\t\t\t\t<section class=\"elementor-section elementor-top-section elementor-element elementor-element-ok2kltf elementor-section-boxed elementor-section-height-default elementor-section-height-default\" data-id=\"ok2kltf\" data-element_type=\"section\" data-e-type=\"section\">\n\t\t\t\t\t\t<div class=\"elementor-container elementor-column-gap-default\">\n\t\t\t\t\t<div class=\"elementor-column elementor-col-100 elementor-top-column elementor-element elementor-element-rvrrgk9\" data-id=\"rvrrgk9\" data-element_type=\"column\" data-e-type=\"column\">\n\t\t\t<div class=\"elementor-widget-wrap elementor-element-populated\">\n\t\t\t\t\t\t<div class=\"elementor-element elementor-element-i7t5p5k elementor-widget elementor-widget-heading\" data-id=\"i7t5p5k\" data-element_type=\"widget\" data-e-type=\"widget\" data-widget_type=\"heading.default\">\n\t\t\t\t<div class=\"elementor-widget-container\">\n\t\t\t\t\t<h3 class=\"elementor-heading-title elementor-size-default\">Loi applicable<\/h3>\t\t\t\t<\/div>\n\t\t\t\t<\/div>\n\t\t\t\t<div class=\"elementor-element elementor-element-8p5xdzd elementor-widget elementor-widget-text-editor\" data-id=\"8p5xdzd\" data-element_type=\"widget\" data-e-type=\"widget\" data-widget_type=\"text-editor.default\">\n\t\t\t\t<div class=\"elementor-widget-container\">\n\t\t\t\t\t\t\t\t\t<p>En visitant le site INSOFTRESEARCH.COM, vous acceptez que les lois de la province de Qu\u00e9bec et les lois du Canada, sans tenir compte des principes de conflit de lois, r\u00e9gissent ces conditions d&#8217;utilisation. Les tribunaux de la province de Qu\u00e9bec ont comp\u00e9tence exclusive pour tous les diff\u00e9rends. Vous acceptez que la juridiction et le lieu de ces tribunaux soient appropri\u00e9s et vous acceptez de vous soumettre \u00e0 la juridiction de ces tribunaux.<br \/> <\/p>\t\t\t\t\t\t\t\t<\/div>\n\t\t\t\t<\/div>\n\t\t\t\t\t<\/div>\n\t\t<\/div>\n\t\t\t\t\t<\/div>\n\t\t<\/section>\n\t\t\t\t<section class=\"elementor-section elementor-top-section elementor-element elementor-element-xo1oq5n elementor-section-boxed elementor-section-height-default elementor-section-height-default\" data-id=\"xo1oq5n\" data-element_type=\"section\" data-e-type=\"section\">\n\t\t\t\t\t\t<div class=\"elementor-container elementor-column-gap-default\">\n\t\t\t\t\t<div class=\"elementor-column elementor-col-100 elementor-top-column elementor-element elementor-element-ltprbzz\" data-id=\"ltprbzz\" data-element_type=\"column\" data-e-type=\"column\">\n\t\t\t<div class=\"elementor-widget-wrap elementor-element-populated\">\n\t\t\t\t\t\t<div class=\"elementor-element elementor-element-1shofwm elementor-widget elementor-widget-text-editor\" data-id=\"1shofwm\" data-element_type=\"widget\" data-e-type=\"widget\" data-widget_type=\"text-editor.default\">\n\t\t\t\t<div class=\"elementor-widget-container\">\n\t\t\t\t\t\t\t\t\t<p>Si vous avez des questions, contactez-nous au: <a href=\"mailto:insoft@insoftresearch.com\">info@insoftresearch.com<\/a><\/p>\t\t\t\t\t\t\t\t<\/div>\n\t\t\t\t<\/div>\n\t\t\t\t\t<\/div>\n\t\t<\/div>\n\t\t\t\t\t<\/div>\n\t\t<\/section>\n\t\t\t\t<\/div>\n\t\t","protected":false},"excerpt":{"rendered":"<p>&nbsp; D\u00e9claration L\u00e9gale La soci\u00e9t\u00e9 canadienne InSoft Research Inc. est la seule propri\u00e9taire et exploitante de ce site Web (www.insoftresearch.com), poss\u00e8de les droits de propri\u00e9t\u00e9 intellectuelle et d\u00e9tient les droits d&#8217;utilisation sur toutes les diff\u00e9rentes parties accessibles sur ce site, y compris les textes, images, vid\u00e9os, ic\u00f4nes, graphiques, logos, sons, brochures et compilation de donn\u00e9es. [&hellip;]<\/p>\n","protected":false},"author":1,"featured_media":0,"parent":0,"menu_order":0,"comment_status":"closed","ping_status":"closed","template":"","meta":{"_monsterinsights_skip_tracking":false,"_monsterinsights_sitenote_active":false,"_monsterinsights_sitenote_note":"","_monsterinsights_sitenote_category":0,"footnotes":""},"class_list":["post-31","page","type-page","status-publish","hentry"],"yoast_head":"<!-- This site is optimized with the Yoast SEO plugin v27.4 - https:\/\/yoast.com\/product\/yoast-seo-wordpress\/ -->\n<title>D\u00e9claration L\u00e9gale - InSoft Research Inc. - Legal Statement<\/title>\n<meta name=\"description\" content=\"D\u00e9claration l\u00e9gale pour la soci\u00e9t\u00e9 canadienne InSoft Research Inc, si vous avez des questions, contactez-nous au: info@insoftresearch.com\" \/>\n<meta name=\"robots\" content=\"index, follow, max-snippet:-1, max-image-preview:large, max-video-preview:-1\" \/>\n<link rel=\"canonical\" href=\"https:\/\/insoftresearch.com\/fr\/legal-statement\/\" \/>\n<meta property=\"og:locale\" content=\"fr_FR\" \/>\n<meta property=\"og:type\" content=\"article\" \/>\n<meta property=\"og:title\" content=\"D\u00e9claration L\u00e9gale - InSoft Research Inc. - Legal Statement\" \/>\n<meta property=\"og:description\" content=\"D\u00e9claration l\u00e9gale pour la soci\u00e9t\u00e9 canadienne InSoft Research Inc, si vous avez des questions, contactez-nous au: info@insoftresearch.com\" \/>\n<meta property=\"og:url\" content=\"https:\/\/insoftresearch.com\/fr\/legal-statement\/\" \/>\n<meta property=\"og:site_name\" content=\"Insoft Research Inc.\" \/>\n<meta property=\"article:modified_time\" content=\"2019-11-07T19:14:47+00:00\" \/>\n<meta name=\"twitter:card\" content=\"summary_large_image\" \/>\n<meta name=\"twitter:label1\" content=\"Dur\u00e9e de lecture estim\u00e9e\" \/>\n\t<meta name=\"twitter:data1\" content=\"3 minutes\" \/>\n<script type=\"application\/ld+json\" class=\"yoast-schema-graph\">{\"@context\":\"https:\\\/\\\/schema.org\",\"@graph\":[{\"@type\":\"WebPage\",\"@id\":\"https:\\\/\\\/insoftresearch.com\\\/fr\\\/legal-statement\\\/\",\"url\":\"https:\\\/\\\/insoftresearch.com\\\/fr\\\/legal-statement\\\/\",\"name\":\"D\u00e9claration L\u00e9gale - InSoft Research Inc. - Legal Statement\",\"isPartOf\":{\"@id\":\"https:\\\/\\\/insoftresearch.com\\\/#website\"},\"datePublished\":\"2017-05-26T20:54:01+00:00\",\"dateModified\":\"2019-11-07T19:14:47+00:00\",\"description\":\"D\u00e9claration l\u00e9gale pour la soci\u00e9t\u00e9 canadienne InSoft Research Inc, si vous avez des questions, contactez-nous au: info@insoftresearch.com\",\"breadcrumb\":{\"@id\":\"https:\\\/\\\/insoftresearch.com\\\/fr\\\/legal-statement\\\/#breadcrumb\"},\"inLanguage\":\"fr-FR\",\"potentialAction\":[{\"@type\":\"ReadAction\",\"target\":[\"https:\\\/\\\/insoftresearch.com\\\/fr\\\/legal-statement\\\/\"]}]},{\"@type\":\"BreadcrumbList\",\"@id\":\"https:\\\/\\\/insoftresearch.com\\\/fr\\\/legal-statement\\\/#breadcrumb\",\"itemListElement\":[{\"@type\":\"ListItem\",\"position\":1,\"name\":\"Home\",\"item\":\"https:\\\/\\\/insoftresearch.com\\\/fr\\\/\"},{\"@type\":\"ListItem\",\"position\":2,\"name\":\"D\u00e9claration L\u00e9gale\"}]},{\"@type\":\"WebSite\",\"@id\":\"https:\\\/\\\/insoftresearch.com\\\/#website\",\"url\":\"https:\\\/\\\/insoftresearch.com\\\/\",\"name\":\"Insoft Research Inc.\",\"description\":\"\",\"publisher\":{\"@id\":\"https:\\\/\\\/insoftresearch.com\\\/#organization\"},\"potentialAction\":[{\"@type\":\"SearchAction\",\"target\":{\"@type\":\"EntryPoint\",\"urlTemplate\":\"https:\\\/\\\/insoftresearch.com\\\/?s={search_term_string}\"},\"query-input\":{\"@type\":\"PropertyValueSpecification\",\"valueRequired\":true,\"valueName\":\"search_term_string\"}}],\"inLanguage\":\"fr-FR\"},{\"@type\":\"Organization\",\"@id\":\"https:\\\/\\\/insoftresearch.com\\\/#organization\",\"name\":\"Insoft Research Inc.\",\"url\":\"https:\\\/\\\/insoftresearch.com\\\/\",\"logo\":{\"@type\":\"ImageObject\",\"inLanguage\":\"fr-FR\",\"@id\":\"https:\\\/\\\/insoftresearch.com\\\/#\\\/schema\\\/logo\\\/image\\\/\",\"url\":\"https:\\\/\\\/insoftresearch.com\\\/wp-content\\\/uploads\\\/2019\\\/10\\\/InSoft_Logo-R1801-White.png\",\"contentUrl\":\"https:\\\/\\\/insoftresearch.com\\\/wp-content\\\/uploads\\\/2019\\\/10\\\/InSoft_Logo-R1801-White.png\",\"width\":1500,\"height\":520,\"caption\":\"Insoft Research Inc.\"},\"image\":{\"@id\":\"https:\\\/\\\/insoftresearch.com\\\/#\\\/schema\\\/logo\\\/image\\\/\"}}]}<\/script>\n<!-- \/ Yoast SEO plugin. -->","yoast_head_json":{"title":"D\u00e9claration L\u00e9gale - InSoft Research Inc. - Legal Statement","description":"D\u00e9claration l\u00e9gale pour la soci\u00e9t\u00e9 canadienne InSoft Research Inc, si vous avez des questions, contactez-nous au: info@insoftresearch.com","robots":{"index":"index","follow":"follow","max-snippet":"max-snippet:-1","max-image-preview":"max-image-preview:large","max-video-preview":"max-video-preview:-1"},"canonical":"https:\/\/insoftresearch.com\/fr\/legal-statement\/","og_locale":"fr_FR","og_type":"article","og_title":"D\u00e9claration L\u00e9gale - InSoft Research Inc. - Legal Statement","og_description":"D\u00e9claration l\u00e9gale pour la soci\u00e9t\u00e9 canadienne InSoft Research Inc, si vous avez des questions, contactez-nous au: info@insoftresearch.com","og_url":"https:\/\/insoftresearch.com\/fr\/legal-statement\/","og_site_name":"Insoft Research Inc.","article_modified_time":"2019-11-07T19:14:47+00:00","twitter_card":"summary_large_image","twitter_misc":{"Dur\u00e9e de lecture estim\u00e9e":"3 minutes"},"schema":{"@context":"https:\/\/schema.org","@graph":[{"@type":"WebPage","@id":"https:\/\/insoftresearch.com\/fr\/legal-statement\/","url":"https:\/\/insoftresearch.com\/fr\/legal-statement\/","name":"D\u00e9claration L\u00e9gale - InSoft Research Inc. - Legal Statement","isPartOf":{"@id":"https:\/\/insoftresearch.com\/#website"},"datePublished":"2017-05-26T20:54:01+00:00","dateModified":"2019-11-07T19:14:47+00:00","description":"D\u00e9claration l\u00e9gale pour la soci\u00e9t\u00e9 canadienne InSoft Research Inc, si vous avez des questions, contactez-nous au: info@insoftresearch.com","breadcrumb":{"@id":"https:\/\/insoftresearch.com\/fr\/legal-statement\/#breadcrumb"},"inLanguage":"fr-FR","potentialAction":[{"@type":"ReadAction","target":["https:\/\/insoftresearch.com\/fr\/legal-statement\/"]}]},{"@type":"BreadcrumbList","@id":"https:\/\/insoftresearch.com\/fr\/legal-statement\/#breadcrumb","itemListElement":[{"@type":"ListItem","position":1,"name":"Home","item":"https:\/\/insoftresearch.com\/fr\/"},{"@type":"ListItem","position":2,"name":"D\u00e9claration L\u00e9gale"}]},{"@type":"WebSite","@id":"https:\/\/insoftresearch.com\/#website","url":"https:\/\/insoftresearch.com\/","name":"Insoft Research Inc.","description":"","publisher":{"@id":"https:\/\/insoftresearch.com\/#organization"},"potentialAction":[{"@type":"SearchAction","target":{"@type":"EntryPoint","urlTemplate":"https:\/\/insoftresearch.com\/?s={search_term_string}"},"query-input":{"@type":"PropertyValueSpecification","valueRequired":true,"valueName":"search_term_string"}}],"inLanguage":"fr-FR"},{"@type":"Organization","@id":"https:\/\/insoftresearch.com\/#organization","name":"Insoft Research Inc.","url":"https:\/\/insoftresearch.com\/","logo":{"@type":"ImageObject","inLanguage":"fr-FR","@id":"https:\/\/insoftresearch.com\/#\/schema\/logo\/image\/","url":"https:\/\/insoftresearch.com\/wp-content\/uploads\/2019\/10\/InSoft_Logo-R1801-White.png","contentUrl":"https:\/\/insoftresearch.com\/wp-content\/uploads\/2019\/10\/InSoft_Logo-R1801-White.png","width":1500,"height":520,"caption":"Insoft Research Inc."},"image":{"@id":"https:\/\/insoftresearch.com\/#\/schema\/logo\/image\/"}}]}},"_links":{"self":[{"href":"https:\/\/insoftresearch.com\/fr\/wp-json\/wp\/v2\/pages\/31","targetHints":{"allow":["GET"]}}],"collection":[{"href":"https:\/\/insoftresearch.com\/fr\/wp-json\/wp\/v2\/pages"}],"about":[{"href":"https:\/\/insoftresearch.com\/fr\/wp-json\/wp\/v2\/types\/page"}],"author":[{"embeddable":true,"href":"https:\/\/insoftresearch.com\/fr\/wp-json\/wp\/v2\/users\/1"}],"replies":[{"embeddable":true,"href":"https:\/\/insoftresearch.com\/fr\/wp-json\/wp\/v2\/comments?post=31"}],"version-history":[{"count":28,"href":"https:\/\/insoftresearch.com\/fr\/wp-json\/wp\/v2\/pages\/31\/revisions"}],"predecessor-version":[{"id":1462,"href":"https:\/\/insoftresearch.com\/fr\/wp-json\/wp\/v2\/pages\/31\/revisions\/1462"}],"wp:attachment":[{"href":"https:\/\/insoftresearch.com\/fr\/wp-json\/wp\/v2\/media?parent=31"}],"curies":[{"name":"wp","href":"https:\/\/api.w.org\/{rel}","templated":true}]}}