{"id":93,"date":"2017-05-29T20:21:39","date_gmt":"2017-05-29T19:21:39","guid":{"rendered":"http:\/\/insoftresearch.com\/?page_id=93"},"modified":"2019-11-07T20:14:28","modified_gmt":"2019-11-07T19:14:28","slug":"site-map","status":"publish","type":"page","link":"https:\/\/insoftresearch.com\/fr\/site-map\/","title":{"rendered":"Carte du site"},"content":{"rendered":"<div class=\"wsp-container\"><h2 class=\"wsp-pages-title\">Pages<\/h2>\n<ul class=\"wsp-pages-list\">\n<li class=\"page_item page-item-1388\"><a href=\"https:\/\/insoftresearch.com\/fr\/a-propos\/\">\u00c0 propos<\/a><\/li>\n<li class=\"page_item page-item-1474\"><a href=\"https:\/\/insoftresearch.com\/fr\/carrieres\/\">Carri\u00e8res<\/a><\/li>\n<li class=\"page_item page-item-93\"><a href=\"https:\/\/insoftresearch.com\/fr\/site-map\/\">Carte du site<\/a><\/li>\n<li class=\"page_item page-item-31\"><a href=\"https:\/\/insoftresearch.com\/fr\/legal-statement\/\">D\u00e9claration L\u00e9gale<\/a><\/li>\n<li class=\"page_item page-item-1686\"><a href=\"https:\/\/insoftresearch.com\/fr\/diagnosekit\/\">DiagnoseKit<\/a><\/li>\n<li class=\"page_item page-item-1439\"><a href=\"https:\/\/insoftresearch.com\/fr\/\">Faites parler vos donn\u00e9es<\/a><\/li>\n<li class=\"page_item page-item-1395\"><a href=\"https:\/\/insoftresearch.com\/fr\/nous-contacter\/\">Nous contacter<\/a><\/li>\n<li class=\"page_item page-item-2245\"><a href=\"https:\/\/insoftresearch.com\/fr\/politique-confidentialite\/\">Politique Confidentialit\u00e9<\/a><\/li>\n<li class=\"page_item page-item-2262\"><a href=\"https:\/\/insoftresearch.com\/fr\/politique-de-temoins\/\">Politique de t\u00e9moins<\/a><\/li>\n<li class=\"page_item page-item-1408\"><a href=\"https:\/\/insoftresearch.com\/fr\/solutions-2\/\">Solutions<\/a><\/li>\n<li class=\"page_item page-item-1595\"><a href=\"https:\/\/insoftresearch.com\/fr\/webreports-ng\/\">WebReports NG<\/a><\/li>\n<\/ul>\n<\/div>\n","protected":false},"excerpt":{"rendered":"","protected":false},"author":1,"featured_media":0,"parent":0,"menu_order":0,"comment_status":"closed","ping_status":"closed","template":"","meta":{"_monsterinsights_skip_tracking":false,"_monsterinsights_sitenote_active":false,"_monsterinsights_sitenote_note":"","_monsterinsights_sitenote_category":0,"footnotes":""},"class_list":["post-93","page","type-page","status-publish","hentry"],"yoast_head":"<!-- This site is optimized with the Yoast SEO plugin v27.4 - https:\/\/yoast.com\/product\/yoast-seo-wordpress\/ -->\n<title>Carte du site - InSoft Research Inc. - Que cherchez-vous?<\/title>\n<meta name=\"description\" content=\"N&#039;h\u00e9sitez pas \u00e0 utiliser la carte du site Internet d&#039;InSoft Research Inc. pour vous retrouver \u00e0 travers nos diff\u00e9rentes pages.\" \/>\n<meta name=\"robots\" content=\"index, follow, max-snippet:-1, max-image-preview:large, max-video-preview:-1\" \/>\n<link rel=\"canonical\" href=\"https:\/\/insoftresearch.com\/fr\/site-map\/\" \/>\n<meta property=\"og:locale\" content=\"fr_FR\" \/>\n<meta property=\"og:type\" content=\"article\" \/>\n<meta property=\"og:title\" content=\"Carte du site - InSoft Research Inc. - Que cherchez-vous?\" \/>\n<meta property=\"og:description\" content=\"N&#039;h\u00e9sitez pas \u00e0 utiliser la carte du site Internet d&#039;InSoft Research Inc. pour vous retrouver \u00e0 travers nos diff\u00e9rentes pages.\" \/>\n<meta property=\"og:url\" content=\"https:\/\/insoftresearch.com\/fr\/site-map\/\" \/>\n<meta property=\"og:site_name\" content=\"Insoft Research Inc.\" \/>\n<meta property=\"article:modified_time\" content=\"2019-11-07T19:14:28+00:00\" \/>\n<meta name=\"twitter:card\" content=\"summary_large_image\" \/>\n<script type=\"application\/ld+json\" class=\"yoast-schema-graph\">{\"@context\":\"https:\\\/\\\/schema.org\",\"@graph\":[{\"@type\":\"WebPage\",\"@id\":\"https:\\\/\\\/insoftresearch.com\\\/fr\\\/site-map\\\/\",\"url\":\"https:\\\/\\\/insoftresearch.com\\\/fr\\\/site-map\\\/\",\"name\":\"Carte du site - InSoft Research Inc. - Que cherchez-vous?\",\"isPartOf\":{\"@id\":\"https:\\\/\\\/insoftresearch.com\\\/#website\"},\"datePublished\":\"2017-05-29T19:21:39+00:00\",\"dateModified\":\"2019-11-07T19:14:28+00:00\",\"description\":\"N'h\u00e9sitez pas \u00e0 utiliser la carte du site Internet d'InSoft Research Inc. pour vous retrouver \u00e0 travers nos diff\u00e9rentes pages.\",\"breadcrumb\":{\"@id\":\"https:\\\/\\\/insoftresearch.com\\\/fr\\\/site-map\\\/#breadcrumb\"},\"inLanguage\":\"fr-FR\",\"potentialAction\":[{\"@type\":\"ReadAction\",\"target\":[\"https:\\\/\\\/insoftresearch.com\\\/fr\\\/site-map\\\/\"]}]},{\"@type\":\"BreadcrumbList\",\"@id\":\"https:\\\/\\\/insoftresearch.com\\\/fr\\\/site-map\\\/#breadcrumb\",\"itemListElement\":[{\"@type\":\"ListItem\",\"position\":1,\"name\":\"Home\",\"item\":\"https:\\\/\\\/insoftresearch.com\\\/fr\\\/\"},{\"@type\":\"ListItem\",\"position\":2,\"name\":\"Carte du site\"}]},{\"@type\":\"WebSite\",\"@id\":\"https:\\\/\\\/insoftresearch.com\\\/#website\",\"url\":\"https:\\\/\\\/insoftresearch.com\\\/\",\"name\":\"Insoft Research Inc.\",\"description\":\"\",\"publisher\":{\"@id\":\"https:\\\/\\\/insoftresearch.com\\\/#organization\"},\"potentialAction\":[{\"@type\":\"SearchAction\",\"target\":{\"@type\":\"EntryPoint\",\"urlTemplate\":\"https:\\\/\\\/insoftresearch.com\\\/?s={search_term_string}\"},\"query-input\":{\"@type\":\"PropertyValueSpecification\",\"valueRequired\":true,\"valueName\":\"search_term_string\"}}],\"inLanguage\":\"fr-FR\"},{\"@type\":\"Organization\",\"@id\":\"https:\\\/\\\/insoftresearch.com\\\/#organization\",\"name\":\"Insoft Research Inc.\",\"url\":\"https:\\\/\\\/insoftresearch.com\\\/\",\"logo\":{\"@type\":\"ImageObject\",\"inLanguage\":\"fr-FR\",\"@id\":\"https:\\\/\\\/insoftresearch.com\\\/#\\\/schema\\\/logo\\\/image\\\/\",\"url\":\"https:\\\/\\\/insoftresearch.com\\\/wp-content\\\/uploads\\\/2019\\\/10\\\/InSoft_Logo-R1801-White.png\",\"contentUrl\":\"https:\\\/\\\/insoftresearch.com\\\/wp-content\\\/uploads\\\/2019\\\/10\\\/InSoft_Logo-R1801-White.png\",\"width\":1500,\"height\":520,\"caption\":\"Insoft Research Inc.\"},\"image\":{\"@id\":\"https:\\\/\\\/insoftresearch.com\\\/#\\\/schema\\\/logo\\\/image\\\/\"}}]}<\/script>\n<!-- \/ Yoast SEO plugin. -->","yoast_head_json":{"title":"Carte du site - InSoft Research Inc. - Que cherchez-vous?","description":"N'h\u00e9sitez pas \u00e0 utiliser la carte du site Internet d'InSoft Research Inc. pour vous retrouver \u00e0 travers nos diff\u00e9rentes pages.","robots":{"index":"index","follow":"follow","max-snippet":"max-snippet:-1","max-image-preview":"max-image-preview:large","max-video-preview":"max-video-preview:-1"},"canonical":"https:\/\/insoftresearch.com\/fr\/site-map\/","og_locale":"fr_FR","og_type":"article","og_title":"Carte du site - InSoft Research Inc. - Que cherchez-vous?","og_description":"N'h\u00e9sitez pas \u00e0 utiliser la carte du site Internet d'InSoft Research Inc. pour vous retrouver \u00e0 travers nos diff\u00e9rentes pages.","og_url":"https:\/\/insoftresearch.com\/fr\/site-map\/","og_site_name":"Insoft Research Inc.","article_modified_time":"2019-11-07T19:14:28+00:00","twitter_card":"summary_large_image","schema":{"@context":"https:\/\/schema.org","@graph":[{"@type":"WebPage","@id":"https:\/\/insoftresearch.com\/fr\/site-map\/","url":"https:\/\/insoftresearch.com\/fr\/site-map\/","name":"Carte du site - InSoft Research Inc. - Que cherchez-vous?","isPartOf":{"@id":"https:\/\/insoftresearch.com\/#website"},"datePublished":"2017-05-29T19:21:39+00:00","dateModified":"2019-11-07T19:14:28+00:00","description":"N'h\u00e9sitez pas \u00e0 utiliser la carte du site Internet d'InSoft Research Inc. pour vous retrouver \u00e0 travers nos diff\u00e9rentes pages.","breadcrumb":{"@id":"https:\/\/insoftresearch.com\/fr\/site-map\/#breadcrumb"},"inLanguage":"fr-FR","potentialAction":[{"@type":"ReadAction","target":["https:\/\/insoftresearch.com\/fr\/site-map\/"]}]},{"@type":"BreadcrumbList","@id":"https:\/\/insoftresearch.com\/fr\/site-map\/#breadcrumb","itemListElement":[{"@type":"ListItem","position":1,"name":"Home","item":"https:\/\/insoftresearch.com\/fr\/"},{"@type":"ListItem","position":2,"name":"Carte du site"}]},{"@type":"WebSite","@id":"https:\/\/insoftresearch.com\/#website","url":"https:\/\/insoftresearch.com\/","name":"Insoft Research Inc.","description":"","publisher":{"@id":"https:\/\/insoftresearch.com\/#organization"},"potentialAction":[{"@type":"SearchAction","target":{"@type":"EntryPoint","urlTemplate":"https:\/\/insoftresearch.com\/?s={search_term_string}"},"query-input":{"@type":"PropertyValueSpecification","valueRequired":true,"valueName":"search_term_string"}}],"inLanguage":"fr-FR"},{"@type":"Organization","@id":"https:\/\/insoftresearch.com\/#organization","name":"Insoft Research Inc.","url":"https:\/\/insoftresearch.com\/","logo":{"@type":"ImageObject","inLanguage":"fr-FR","@id":"https:\/\/insoftresearch.com\/#\/schema\/logo\/image\/","url":"https:\/\/insoftresearch.com\/wp-content\/uploads\/2019\/10\/InSoft_Logo-R1801-White.png","contentUrl":"https:\/\/insoftresearch.com\/wp-content\/uploads\/2019\/10\/InSoft_Logo-R1801-White.png","width":1500,"height":520,"caption":"Insoft Research Inc."},"image":{"@id":"https:\/\/insoftresearch.com\/#\/schema\/logo\/image\/"}}]}},"_links":{"self":[{"href":"https:\/\/insoftresearch.com\/fr\/wp-json\/wp\/v2\/pages\/93","targetHints":{"allow":["GET"]}}],"collection":[{"href":"https:\/\/insoftresearch.com\/fr\/wp-json\/wp\/v2\/pages"}],"about":[{"href":"https:\/\/insoftresearch.com\/fr\/wp-json\/wp\/v2\/types\/page"}],"author":[{"embeddable":true,"href":"https:\/\/insoftresearch.com\/fr\/wp-json\/wp\/v2\/users\/1"}],"replies":[{"embeddable":true,"href":"https:\/\/insoftresearch.com\/fr\/wp-json\/wp\/v2\/comments?post=93"}],"version-history":[{"count":3,"href":"https:\/\/insoftresearch.com\/fr\/wp-json\/wp\/v2\/pages\/93\/revisions"}],"predecessor-version":[{"id":210,"href":"https:\/\/insoftresearch.com\/fr\/wp-json\/wp\/v2\/pages\/93\/revisions\/210"}],"wp:attachment":[{"href":"https:\/\/insoftresearch.com\/fr\/wp-json\/wp\/v2\/media?parent=93"}],"curies":[{"name":"wp","href":"https:\/\/api.w.org\/{rel}","templated":true}]}}